{"id":11,"date":"2022-09-18T04:29:10","date_gmt":"2022-09-18T04:29:10","guid":{"rendered":"https:\/\/innotek-polymers.com\/fr\/?page_id=11"},"modified":"2023-06-18T21:20:24","modified_gmt":"2023-06-18T13:20:24","slug":"about-us","status":"publish","type":"page","link":"https:\/\/innotek-polymers.com\/fr\/about-us\/","title":{"rendered":"About Us"},"content":{"rendered":"<p>[et_pb_section fb_built=&#8221;1&#8243; custom_padding_last_edited=&#8221;off|desktop&#8221; admin_label=&#8221;Header&#8221; _builder_version=&#8221;4.18.0&#8243; use_background_color_gradient=&#8221;on&#8221; background_color_gradient_direction=&#8221;90deg&#8221; background_color_gradient_stops=&#8221;rgba(252,197,111,0.88) 0%|rgba(0,0,0,0) 100%&#8221; background_color_gradient_overlays_image=&#8221;on&#8221; background_color_gradient_start=&#8221;rgba(252,197,111,0.88)&#8221; background_color_gradient_start_position=&#8221;50%&#8221; background_color_gradient_end=&#8221;rgba(0,0,0,0)&#8221; background_color_gradient_end_position=&#8221;0%&#8221; background_image=&#8221;https:\/\/innotek-polymers.com\/fr\/wp-content\/uploads\/2023\/02\/Innotek-Solar-Panel-scaled.jpg&#8221; custom_padding=&#8221;8vw||12vw||false|false&#8221; custom_padding_tablet=&#8221;||||false|false&#8221; custom_padding_phone=&#8221;||||false|false&#8221; locked=&#8221;off&#8221; global_colors_info=&#8221;{}&#8221;][et_pb_row column_structure=&#8221;1_2,1_2&#8243; make_equal=&#8221;on&#8221; _builder_version=&#8221;4.16&#8243; max_width=&#8221;1200px&#8221; custom_padding=&#8221;4%|0%|0px|4%|false|false&#8221; border_color_all=&#8221;#16252D&#8221; border_width_bottom=&#8221;8px&#8221; border_color_bottom=&#8221;#ffffff&#8221; border_width_left=&#8221;8px&#8221; border_color_left=&#8221;#ffffff&#8221; locked=&#8221;off&#8221; global_colors_info=&#8221;{}&#8221;][et_pb_column type=&#8221;1_2&#8243; _builder_version=&#8221;4.16&#8243; custom_padding=&#8221;||4%||false|false&#8221; global_colors_info=&#8221;{}&#8221;][et_pb_text _builder_version=&#8221;4.20.4&#8243; header_font=&#8221;Heebo|900||on|||||&#8221; header_text_color=&#8221;#16252D&#8221; header_font_size=&#8221;60px&#8221; header_letter_spacing=&#8221;2px&#8221; header_line_height=&#8221;1.2em&#8221; header_font_size_tablet=&#8221;40px&#8221; header_font_size_phone=&#8221;24px&#8221; header_font_size_last_edited=&#8221;on|phone&#8221; locked=&#8221;off&#8221; global_colors_info=&#8221;{}&#8221; hover_enabled=&#8221;0&#8243; sticky_enabled=&#8221;0&#8243;]<\/p>\n<h1><span style=\"color: #ffffff;\">\u00c0 PROPOS <\/span><\/h1>\n<p>[\/et_pb_text][\/et_pb_column][et_pb_column type=&#8221;1_2&#8243; _builder_version=&#8221;4.16&#8243; global_colors_info=&#8221;{}&#8221;][\/et_pb_column][\/et_pb_row][\/et_pb_section][et_pb_section fb_built=&#8221;1&#8243; make_equal=&#8221;on&#8221; use_custom_gutter=&#8221;on&#8221; gutter_width=&#8221;4&#8243; specialty=&#8221;on&#8221; admin_label=&#8221;Mission&#8221; _builder_version=&#8221;4.16&#8243; inner_max_width=&#8221;1200px&#8221; global_colors_info=&#8221;{}&#8221;][et_pb_column type=&#8221;1_2&#8243; specialty_columns=&#8221;2&#8243; _builder_version=&#8221;4.16&#8243; custom_padding=&#8221;|||&#8221; global_colors_info=&#8221;{}&#8221; custom_padding__hover=&#8221;|||&#8221;][et_pb_row_inner column_structure=&#8221;1_2,1_2&#8243; use_custom_gutter=&#8221;on&#8221; gutter_width=&#8221;2&#8243; custom_padding_last_edited=&#8221;on|phone&#8221; _builder_version=&#8221;4.16&#8243; overflow-x=&#8221;visible&#8221; overflow-y=&#8221;visible&#8221; custom_margin=&#8221;||||false|false&#8221; custom_padding=&#8221;16%||16%|8%|true|false&#8221; custom_padding_tablet=&#8221;8%|4%|50px|4%|false|true&#8221; custom_padding_phone=&#8221;||30px||false|false&#8221; custom_css_main_element=&#8221;overflow: visible !important;&#8221; border_width_all=&#8221;8px&#8221; border_color_all=&#8221;#e7e8e8&#8243; global_colors_info=&#8221;{}&#8221;][et_pb_column_inner type=&#8221;1_2&#8243; saved_specialty_column_type=&#8221;1_2&#8243; _builder_version=&#8221;4.16&#8243; global_colors_info=&#8221;{}&#8221;][et_pb_image src=&#8221;https:\/\/innotek-polymers.com\/fr\/wp-content\/uploads\/2022\/10\/Picture6.png&#8221; title_text=&#8221;Picture6&#8243; _builder_version=&#8221;4.18.0&#8243; locked=&#8221;off&#8221; global_colors_info=&#8221;{}&#8221;][\/et_pb_image][et_pb_image src=&#8221;https:\/\/innotek-polymers.com\/fr\/wp-content\/uploads\/2022\/10\/pexels-pixabay-356036-scaled.jpg&#8221; title_text=&#8221;pexels-pixabay-356036&#8243; _builder_version=&#8221;4.18.0&#8243; locked=&#8221;off&#8221; global_colors_info=&#8221;{}&#8221;][\/et_pb_image][\/et_pb_column_inner][et_pb_column_inner type=&#8221;1_2&#8243; saved_specialty_column_type=&#8221;1_2&#8243; _builder_version=&#8221;4.16&#8243; global_colors_info=&#8221;{}&#8221;][et_pb_image src=&#8221;https:\/\/innotek-polymers.com\/fr\/wp-content\/uploads\/2022\/10\/pexels-scott-webb-139205-scaled.jpg&#8221; title_text=&#8221;pexels-scott-webb-139205&#8243; _builder_version=&#8221;4.18.0&#8243; _module_preset=&#8221;default&#8221; global_colors_info=&#8221;{}&#8221;][\/et_pb_image][\/et_pb_column_inner][\/et_pb_row_inner][\/et_pb_column][et_pb_column type=&#8221;1_2&#8243; _builder_version=&#8221;4.16&#8243; custom_padding=&#8221;|||&#8221; global_colors_info=&#8221;{}&#8221; custom_padding__hover=&#8221;|||&#8221;][et_pb_text _builder_version=&#8221;4.20.4&#8243; text_font_size=&#8221;16px&#8221; text_line_height=&#8221;2em&#8221; header_2_font=&#8221;Heebo|900||on|||||&#8221; header_2_font_size=&#8221;30px&#8221; header_2_letter_spacing=&#8221;1px&#8221; header_2_line_height=&#8221;1.3em&#8221; positioning=&#8221;absolute&#8221; position_origin_a=&#8221;center_left&#8221; position_origin_a_tablet=&#8221;&#8221; position_origin_a_phone=&#8221;&#8221; position_origin_a_last_edited=&#8221;on|tablet&#8221; position_origin_f_tablet=&#8221;&#8221; position_origin_f_phone=&#8221;&#8221; position_origin_f_last_edited=&#8221;on|tablet&#8221; position_origin_r_tablet=&#8221;&#8221; position_origin_r_phone=&#8221;&#8221; position_origin_r_last_edited=&#8221;on|tablet&#8221; custom_padding=&#8221;||||false|false&#8221; custom_padding_tablet=&#8221;|||0px|false|false&#8221; custom_padding_last_edited=&#8221;off|desktop&#8221; text_font_size_tablet=&#8221;14px&#8221; text_font_size_phone=&#8221;&#8221; text_font_size_last_edited=&#8221;on|phone&#8221; header_2_font_size_tablet=&#8221;24px&#8221; header_2_font_size_phone=&#8221;20px&#8221; header_2_font_size_last_edited=&#8221;on|phone&#8221; positioning_tablet=&#8221;relative&#8221; positioning_phone=&#8221;&#8221; positioning_last_edited=&#8221;on|tablet&#8221; locked=&#8221;off&#8221; global_colors_info=&#8221;{}&#8221; hover_enabled=&#8221;0&#8243; sticky_enabled=&#8221;0&#8243;]<\/p>\n<h2>MISSION ET VALEURS FONDAMENTALES<\/h2>\n<p style=\"text-align: justify;\">Notre mission est de fournir des sp\u00e9cialit\u00e9s innovantes et durables qui r\u00e9pondent aux besoins \u00e9volutifs de nos clients.<\/p>\n<p style=\"text-align: justify;\">Notre objectif est de maintenir les normes les plus \u00e9lev\u00e9es en termes de qualit\u00e9, de s\u00e9curit\u00e9, de responsabilit\u00e9 environnementale et de pratiques commerciales \u00e9thiques.<\/p>\n<p style=\"text-align: justify;\">Nous nous engageons \u00e0 favoriser des relations \u00e0 long terme avec nos clients et partenaires en offrant des solutions et services personnalis\u00e9s.<br \/>INNOTEK est l&#8217;un des principaux prestataires de services ax\u00e9s sur des solutions d&#8217;innovation globales pour nos clients.<\/p>\n<p>[\/et_pb_text][\/et_pb_column][\/et_pb_section][et_pb_section fb_built=&#8221;1&#8243; admin_label=&#8221;Video&#8221; _builder_version=&#8221;4.16&#8243; global_colors_info=&#8221;{}&#8221;][et_pb_row column_structure=&#8221;1_2,1_2&#8243; make_equal=&#8221;on&#8221; _builder_version=&#8221;4.16&#8243; global_colors_info=&#8221;{}&#8221;][et_pb_column type=&#8221;1_2&#8243; _builder_version=&#8221;4.16&#8243; global_colors_info=&#8221;{}&#8221;][et_pb_text _builder_version=&#8221;4.20.4&#8243; text_font_size=&#8221;16px&#8221; text_line_height=&#8221;2em&#8221; header_2_font=&#8221;Heebo|900||on|||||&#8221; header_2_font_size=&#8221;30px&#8221; header_2_letter_spacing=&#8221;1px&#8221; header_2_line_height=&#8221;1.3em&#8221; custom_padding=&#8221;||||false|false&#8221; custom_padding_tablet=&#8221;|||0px|false|false&#8221; custom_padding_last_edited=&#8221;off|desktop&#8221; text_font_size_tablet=&#8221;14px&#8221; text_font_size_phone=&#8221;&#8221; text_font_size_last_edited=&#8221;on|phone&#8221; header_2_font_size_tablet=&#8221;24px&#8221; header_2_font_size_phone=&#8221;20px&#8221; header_2_font_size_last_edited=&#8221;on|phone&#8221; locked=&#8221;off&#8221; global_colors_info=&#8221;{}&#8221; hover_enabled=&#8221;0&#8243; sticky_enabled=&#8221;0&#8243;]<\/p>\n<p style=\"text-align: justify;\">Co-fond\u00e9e en 2020 par divers sp\u00e9cialistes exp\u00e9riment\u00e9s des polym\u00e8res, nous offrons \u00e0 nos clients l&#8217;un des portefeuilles de produits les plus complets et leaders du march\u00e9, comprenant des polym\u00e8res standards, des plastiques d&#8217;ing\u00e9nierie, des polym\u00e8res techniques et un nombre croissant de produits durables.<\/p>\n<p style=\"text-align: justify;\">Gr\u00e2ce \u00e0 notre savoir-faire technique, \u00e0 notre solide r\u00e9seau de vente et \u00e0 notre passion pour nos clients, nous stimulons la croissance de nos partenaires et de nos clients \u00e0 l&#8217;\u00e9chelle mondiale et dans diverses industries.<\/p>\n<p style=\"text-align: justify;\">Pour soutenir notre activit\u00e9 et notre croissance durable, nous proposons des technologies, une expertise en recherche et d\u00e9veloppement et un support technique par le biais de notre filiale g\u00e9r\u00e9e par Synergychem Pte. Ltd. \u00e0 Singapour.<br \/>Ils compl\u00e8tent notre offre avec leur gamme interne d&#8217;alliages personnalis\u00e9s, de compounds, de polym\u00e8res r\u00e9actifs, de dispersions et de solutions innovantes pour les industries du moulage, de l&#8217;extrusion et du compoundage.<\/p>\n<p style=\"text-align: justify;\">Ces affili\u00e9s nous aident \u00e0 travailler en tant que fournisseur de solutions complet, en nous apportant des comp\u00e9tences techniques suppl\u00e9mentaires et de nouvelles opportunit\u00e9s pour cr\u00e9er des produits plus durables pour nos clients.<\/p>\n<p>[\/et_pb_text][\/et_pb_column][et_pb_column type=&#8221;1_2&#8243; _builder_version=&#8221;4.16&#8243; global_colors_info=&#8221;{}&#8221;][et_pb_image src=&#8221;https:\/\/innotek-polymers.com\/fr\/wp-content\/uploads\/2023\/02\/Innotek-Mobility.webp&#8221; title_text=&#8221;Innotek Mobility&#8221; _builder_version=&#8221;4.18.0&#8243; _module_preset=&#8221;default&#8221; global_colors_info=&#8221;{}&#8221;][\/et_pb_image][\/et_pb_column][\/et_pb_row][\/et_pb_section][et_pb_section fb_built=&#8221;1&#8243; admin_label=&#8221;Footer&#8221; _builder_version=&#8221;4.18.0&#8243; _module_preset=&#8221;default&#8221; background_color=&#8221;gcid-ff366e07-a307-4da8-9d55-fe6de435fe2d&#8221; global_module=&#8221;169&#8243; saved_tabs=&#8221;all&#8221; collapsed=&#8221;on&#8221; global_colors_info=&#8221;{%22gcid-ff366e07-a307-4da8-9d55-fe6de435fe2d%22:%91%22background_color%22%93}&#8221;][et_pb_row column_structure=&#8221;1_3,1_3,1_3&#8243; _builder_version=&#8221;4.18.0&#8243; _module_preset=&#8221;default&#8221; global_colors_info=&#8221;{}&#8221;][et_pb_column type=&#8221;1_3&#8243; _builder_version=&#8221;4.18.0&#8243; _module_preset=&#8221;default&#8221; global_colors_info=&#8221;{}&#8221;][et_pb_text _builder_version=&#8221;4.20.4&#8243; text_text_color=&#8221;rgba(255,255,255,0.7)&#8221; text_font_size=&#8221;16px&#8221; text_line_height=&#8221;2em&#8221; header_6_font=&#8221;Heebo|700||on|||||&#8221; header_6_text_color=&#8221;#ffffff&#8221; header_6_letter_spacing=&#8221;3px&#8221; header_6_line_height=&#8221;2em&#8221; background_layout=&#8221;dark&#8221; text_font_size_tablet=&#8221;&#8221; text_font_size_phone=&#8221;14px&#8221; text_font_size_last_edited=&#8221;on|phone&#8221; locked=&#8221;off&#8221; global_colors_info=&#8221;{}&#8221;]<\/p>\n<h6><span style=\"color: #000000;\">Adresse<\/span><\/h6>\n<p><span style=\"color: #000000;\">10, RUE DE PENTHIEVRE<\/span><br \/><span style=\"color: #000000;\">75008 PARIS &#8211; FRANCE<\/span><\/p>\n<p>[\/et_pb_text][\/et_pb_column][et_pb_column type=&#8221;1_3&#8243; _builder_version=&#8221;4.18.0&#8243; _module_preset=&#8221;default&#8221; global_colors_info=&#8221;{}&#8221;][et_pb_text _builder_version=&#8221;4.20.4&#8243; text_text_color=&#8221;rgba(255,255,255,0.7)&#8221; text_font_size=&#8221;16px&#8221; text_line_height=&#8221;2em&#8221; header_6_font=&#8221;Heebo|700||on|||||&#8221; header_6_text_color=&#8221;#ffffff&#8221; header_6_letter_spacing=&#8221;3px&#8221; header_6_line_height=&#8221;2em&#8221; background_layout=&#8221;dark&#8221; text_font_size_tablet=&#8221;&#8221; text_font_size_phone=&#8221;14px&#8221; text_font_size_last_edited=&#8221;on|phone&#8221; locked=&#8221;off&#8221; global_colors_info=&#8221;{}&#8221;]<\/p>\n<h6><span style=\"color: #000000;\">T\u00e9l\u00e9phone<\/span><\/h6>\n<p><span style=\"color: #000000;\">+33 (0)7 63\u00a058\u00a015\u00a084<\/span><\/p>\n<p>[\/et_pb_text][et_pb_text _builder_version=&#8221;4.18.0&#8243; text_text_color=&#8221;rgba(255,255,255,0.7)&#8221; text_line_height=&#8221;2em&#8221; link_text_color=&#8221;rgba(255,255,255,0.7)&#8221; link_font_size=&#8221;16px&#8221; link_line_height=&#8221;2em&#8221; header_6_font=&#8221;Heebo|700||on|||||&#8221; header_6_text_color=&#8221;#ffffff&#8221; header_6_letter_spacing=&#8221;3px&#8221; header_6_line_height=&#8221;2em&#8221; background_layout=&#8221;dark&#8221; link_font_size_tablet=&#8221;&#8221; link_font_size_phone=&#8221;14px&#8221; link_font_size_last_edited=&#8221;on|phone&#8221; link_text_shadow_style=&#8221;preset5&#8243; locked=&#8221;off&#8221; global_colors_info=&#8221;{}&#8221;]<\/p>\n<h6><span style=\"color: #000000;\">Email<\/span><\/h6>\n<p><span style=\"color: #000000;\">info@innotek-polymers.com<\/span><\/p>\n<p>[\/et_pb_text][\/et_pb_column][et_pb_column type=&#8221;1_3&#8243; _builder_version=&#8221;4.18.0&#8243; _module_preset=&#8221;default&#8221; global_colors_info=&#8221;{}&#8221;][et_pb_text _builder_version=&#8221;4.20.4&#8243; _module_preset=&#8221;e6504a1b-67eb-4b3d-b023-bcab277610b6&#8243; header_4_font=&#8221;Arial|700||on|||||&#8221; header_4_font_size=&#8221;14px&#8221; header_4_line_height=&#8221;1.5em&#8221; header_5_text_color=&#8221;#F0D7BA&#8221; custom_margin=&#8221;||10px||false|false&#8221; locked=&#8221;off&#8221; global_colors_info=&#8221;{}&#8221;]<\/p>\n<h4>Suivez-nous<\/h4>\n<p>[\/et_pb_text][et_pb_social_media_follow icon_color=&#8221;#000000&#8243; _builder_version=&#8221;4.18.0&#8243; _module_preset=&#8221;default&#8221; border_radii=&#8221;on|400px|400px|400px|400px&#8221; locked=&#8221;off&#8221; global_colors_info=&#8221;{}&#8221;][et_pb_social_media_follow_network social_network=&#8221;linkedin&#8221; url=&#8221;https:\/\/www.linkedin.com\/company\/innotek-polymers\/&#8221; icon_color=&#8221;#FFFFFF&#8221; _builder_version=&#8221;4.18.0&#8243; _module_preset=&#8221;default&#8221; background_color=&#8221;#007bb6&#8243; global_colors_info=&#8221;{}&#8221; follow_button=&#8221;off&#8221; url_new_window=&#8221;on&#8221;]linkedin[\/et_pb_social_media_follow_network][\/et_pb_social_media_follow][\/et_pb_column][\/et_pb_row][\/et_pb_section]<\/p>\n","protected":false},"excerpt":{"rendered":"<p>\u00c0 PROPOS MISSION ET VALEURS FONDAMENTALES Notre mission est de fournir des sp\u00e9cialit\u00e9s innovantes et durables qui r\u00e9pondent aux besoins \u00e9volutifs de nos clients. Notre objectif est de maintenir les normes les plus \u00e9lev\u00e9es en termes de qualit\u00e9, de s\u00e9curit\u00e9, de responsabilit\u00e9 environnementale et de pratiques commerciales \u00e9thiques. Nous nous engageons \u00e0 favoriser des relations [&hellip;]<\/p>\n","protected":false},"author":1,"featured_media":0,"parent":0,"menu_order":0,"comment_status":"closed","ping_status":"closed","template":"","meta":{"_et_pb_use_builder":"on","_et_pb_old_content":"","_et_gb_content_width":"","footnotes":""},"class_list":["post-11","page","type-page","status-publish","hentry"],"aioseo_notices":[],"_links":{"self":[{"href":"https:\/\/innotek-polymers.com\/fr\/wp-json\/wp\/v2\/pages\/11","targetHints":{"allow":["GET"]}}],"collection":[{"href":"https:\/\/innotek-polymers.com\/fr\/wp-json\/wp\/v2\/pages"}],"about":[{"href":"https:\/\/innotek-polymers.com\/fr\/wp-json\/wp\/v2\/types\/page"}],"author":[{"embeddable":true,"href":"https:\/\/innotek-polymers.com\/fr\/wp-json\/wp\/v2\/users\/1"}],"replies":[{"embeddable":true,"href":"https:\/\/innotek-polymers.com\/fr\/wp-json\/wp\/v2\/comments?post=11"}],"version-history":[{"count":10,"href":"https:\/\/innotek-polymers.com\/fr\/wp-json\/wp\/v2\/pages\/11\/revisions"}],"predecessor-version":[{"id":242,"href":"https:\/\/innotek-polymers.com\/fr\/wp-json\/wp\/v2\/pages\/11\/revisions\/242"}],"wp:attachment":[{"href":"https:\/\/innotek-polymers.com\/fr\/wp-json\/wp\/v2\/media?parent=11"}],"curies":[{"name":"wp","href":"https:\/\/api.w.org\/{rel}","templated":true}]}}